{"id":4093,"date":"2017-04-04T20:58:21","date_gmt":"2017-04-04T18:58:21","guid":{"rendered":"http:\/\/blog.liesdoch.de\/?page_id=4093"},"modified":"2017-04-04T20:58:21","modified_gmt":"2017-04-04T18:58:21","slug":"impressum","status":"publish","type":"page","link":"https:\/\/blog.liesdoch.de\/?page_id=4093","title":{"rendered":"Impressum"},"content":{"rendered":"<div class=\"entry-content\">\n<p>Verantwortlich im Sinne des MDStV \u00a7 10 Abs. 3:<\/p>\n<p>Grit M\u00fcller<br \/>\nHermine-Bland-Str. 7<br \/>\n81545 M\u00fcnchen<br \/>\n<a href=\"mailto:grit.mueller@liesdoch.de\">grit.mueller@liesdoch.de<\/a><\/p>\n<p><strong>Haftung<\/strong><br \/>\nBei Links handelt es sich um eine subjektive Auswahl von Verweisen auf andere Websites. Zum Zeitpunkt des Einstellens der Links wurden die verlinkten Sites sorgf\u00e4ltig \u00fcberpr\u00fcft. F\u00fcr den Inhalt dieser Seiten sind jedoch ausschlie\u00dflich die jeweiligen Verfasser verantwortlich. Von pers\u00f6nlichkeitsverletzenden, moralisch-ethisch bedenklichen oder in sonstiger Weise anst\u00f6\u00dfigen Inhalten distanzieren wir uns hiermit ausdr\u00fccklich. Bei Beschwerden \u00fcber Inhalte bitten wir um eine Nachricht (grit.mueller@liesdoch.de). Fragliche und beanstandete Inhalte werden dann \u2013 nach eingehender Pr\u00fcfung \u2013 schnellstm\u00f6glich entfernt.<\/p>\n<p><strong>Urheberrecht<br \/>\n<\/strong>Der Inhalt dieser Website (inkl. Skripte, Grafiken und Layout) ist nach dem deutschen Urheberrecht gesch\u00fctzt. Ohne Einverst\u00e4ndnis des jeweiligen Verfassers ist jegliche Ver\u00f6ffentlichung unzul\u00e4ssig (\u00a7 17, UrhG).<\/p>\n<p><strong>Datenschutz<\/strong><br \/>\nWir erheben bei Ihrem Besuch keine pers\u00f6nlichen Daten von Ihnen. Der Webserver speichert automatisch die URL der Webseite, von der aus Sie zu uns kommen, den verwendeten Internet-Browser bzw. das Betriebssystem, die Webseiten, die Sie bei uns besuchen, die Uhrzeit und die Dauer Ihres Besuches. Diese Informationen werden ausschlie\u00dflich zu statistischen Zwecken ausgewertet. Personenbezogene Nutzerprofile k\u00f6nnen damit nicht erstellt werden; Sie als Besucher bleiben anonym.<\/p>\n<p>Um Ihre Anfragen und Informationsw\u00fcnsche zu bearbeiten, bitten wir Sie um die Angabe von pers\u00f6nlichen Daten. Diese Angaben sind freiwillig. Wir verwenden sie lediglich zur Bearbeitung Ihrer Anfrage.<\/p>\n<p>Alle auf unserer Website erhobenen personenbezogenen Daten werden entsprechend den jeweils geltenden Vorschriften zum Schutz personenbezogener Daten behandelt. Eine \u00dcbermittlung personenbezogener Daten an Dritte erfolgt nicht.<\/p>\n<p>Nach \u00a7 28, Abs. 3 Bundesdatenschutzgesetz widersprechen wir weiterhin der Nutzung unserer Daten und Daten der User f\u00fcr Werbezwecke oder f\u00fcr die Markt- und Meinungsforschung.<\/p>\n<\/div>\n","protected":false},"excerpt":{"rendered":"<p>Verantwortlich im Sinne des MDStV \u00a7 10 Abs. 3: Grit M\u00fcller Hermine-Bland-Str. 7 81545 M\u00fcnchen grit.mueller@liesdoch.de Haftung Bei Links handelt es sich um eine subjektive Auswahl von Verweisen auf andere Websites. Zum Zeitpunkt des Einstellens der Links wurden die verlinkten Sites sorgf\u00e4ltig \u00fcberpr\u00fcft. F\u00fcr den Inhalt dieser Seiten sind jedoch ausschlie\u00dflich die jeweiligen Verfasser verantwortlich. &hellip; <a href=\"https:\/\/blog.liesdoch.de\/?page_id=4093\" class=\"more-link\"><span class=\"screen-reader-text\">Impressum<\/span> weiterlesen <span class=\"meta-nav\">&rarr;<\/span><\/a><\/p>\n","protected":false},"author":2,"featured_media":0,"parent":0,"menu_order":0,"comment_status":"closed","ping_status":"closed","template":"","meta":{"footnotes":""},"class_list":["post-4093","page","type-page","status-publish","hentry"],"_links":{"self":[{"href":"https:\/\/blog.liesdoch.de\/index.php?rest_route=\/wp\/v2\/pages\/4093","targetHints":{"allow":["GET"]}}],"collection":[{"href":"https:\/\/blog.liesdoch.de\/index.php?rest_route=\/wp\/v2\/pages"}],"about":[{"href":"https:\/\/blog.liesdoch.de\/index.php?rest_route=\/wp\/v2\/types\/page"}],"author":[{"embeddable":true,"href":"https:\/\/blog.liesdoch.de\/index.php?rest_route=\/wp\/v2\/users\/2"}],"replies":[{"embeddable":true,"href":"https:\/\/blog.liesdoch.de\/index.php?rest_route=%2Fwp%2Fv2%2Fcomments&post=4093"}],"version-history":[{"count":1,"href":"https:\/\/blog.liesdoch.de\/index.php?rest_route=\/wp\/v2\/pages\/4093\/revisions"}],"predecessor-version":[{"id":4094,"href":"https:\/\/blog.liesdoch.de\/index.php?rest_route=\/wp\/v2\/pages\/4093\/revisions\/4094"}],"wp:attachment":[{"href":"https:\/\/blog.liesdoch.de\/index.php?rest_route=%2Fwp%2Fv2%2Fmedia&parent=4093"}],"curies":[{"name":"wp","href":"https:\/\/api.w.org\/{rel}","templated":true}]}}